{"id":36,"date":"2024-08-20T08:40:51","date_gmt":"2024-08-20T08:40:51","guid":{"rendered":"https:\/\/test.kothemotors.com\/?page_id=36"},"modified":"2024-08-26T14:14:15","modified_gmt":"2024-08-26T14:14:15","slug":"fun-on-boat","status":"publish","type":"page","link":"https:\/\/test.kothemotors.com\/index.php\/fun-on-boat\/","title":{"rendered":"Fun on Boat"},"content":{"rendered":"<p>[et_pb_section fb_built=&#8220;1&#8243; _builder_version=&#8220;4.27.0&#8243; _module_preset=&#8220;default&#8220; background_color=&#8220;#f2f2f2&#8243; hover_enabled=&#8220;0&#8243; global_colors_info=&#8220;{}&#8220; theme_builder_area=&#8220;post_content&#8220; custom_margin=&#8220;120px||||false|false&#8220; sticky_enabled=&#8220;0&#8243;][et_pb_row column_structure=&#8220;2_5,3_5&#8243; use_custom_gutter=&#8220;on&#8220; gutter_width=&#8220;1&#8243; _builder_version=&#8220;4.27.0&#8243; _module_preset=&#8220;default&#8220; width=&#8220;100%&#8220; max_width=&#8220;100%&#8220; global_colors_info=&#8220;{}&#8220; theme_builder_area=&#8220;post_content&#8220;][et_pb_column type=&#8220;2_5&#8243; _builder_version=&#8220;4.27.0&#8243; _module_preset=&#8220;default&#8220; background_color=&#8220;RGBA(255,255,255,0)&#8220; custom_padding=&#8220;||||false|false&#8220; global_colors_info=&#8220;{}&#8220; theme_builder_area=&#8220;post_content&#8220;][et_pb_image src=&#8220;https:\/\/test.kothemotors.com\/wp-content\/uploads\/2024\/08\/fast-boat-9689347.jpg&#8220; title_text=&#8220;fast-boat-9689347&#8243; _builder_version=&#8220;4.27.0&#8243; _module_preset=&#8220;default&#8220; custom_padding=&#8220;40px||||false|false&#8220; hover_enabled=&#8220;0&#8243; global_colors_info=&#8220;{}&#8220; theme_builder_area=&#8220;post_content&#8220; sticky_enabled=&#8220;0&#8243;][\/et_pb_image][\/et_pb_column][et_pb_column type=&#8220;3_5&#8243; _builder_version=&#8220;4.27.0&#8243; _module_preset=&#8220;default&#8220; background_color=&#8220;#000000&#8243; global_colors_info=&#8220;{}&#8220; theme_builder_area=&#8220;post_content&#8220;][et_pb_text ul_type=&#8220;square&#8220; _builder_version=&#8220;4.27.0&#8243; _module_preset=&#8220;default&#8220; ul_text_color=&#8220;#FFFFFF&#8220; ul_font_size=&#8220;18px&#8220; ul_line_height=&#8220;2.2em&#8220; header_font=&#8220;Open Sans|800|||||||&#8220; header_text_color=&#8220;#FFFFFF&#8220; header_font_size=&#8220;34px&#8220; header_line_height=&#8220;1.8em&#8220; header_2_font=&#8220;Open Sans||||||||&#8220; header_2_text_color=&#8220;#FFFFFF&#8220; header_3_text_align=&#8220;left&#8220; header_3_text_color=&#8220;#E02B20&#8243; header_3_font_size=&#8220;20px&#8220; module_alignment=&#8220;left&#8220; custom_margin=&#8220;60px||||false|false&#8220; custom_padding=&#8220;||80px|60px|false|false&#8220; animation_style=&#8220;slide&#8220; animation_duration=&#8220;1550ms&#8220; hover_enabled=&#8220;0&#8243; global_colors_info=&#8220;{}&#8220; theme_builder_area=&#8220;post_content&#8220; sticky_enabled=&#8220;0&#8243;]<\/p>\n<h3 style=\"text-align: left;\">kothe motors<\/h3>\n<h1>Fun on boat<\/h1>\n<p>Erleben Sie mit uns gemeinsam viel Spa\u00df auf unseren Booten. Unsere Touren bieten ein individuelles Unterhaltungsprogramm f\u00fcr Jung und Alt. Von einigen Stunden bis zur ausgedehnten Wochenendtour findest Du in uns den richtigen Partner f\u00fcr deine Freizeitgestaltung. Wir freuen uns auf dich.<\/p>\n<p>[\/et_pb_text][\/et_pb_column][\/et_pb_row][\/et_pb_section]<\/p>\n","protected":false},"excerpt":{"rendered":"<p>kothe motors Fun on boat Erleben Sie mit uns gemeinsam viel Spa\u00df auf unseren Booten. Unsere Touren bieten ein individuelles Unterhaltungsprogramm f\u00fcr Jung und Alt. Von einigen Stunden bis zur ausgedehnten Wochenendtour findest Du in uns den richtigen Partner f\u00fcr deine Freizeitgestaltung. Wir freuen uns auf dich.<\/p>\n","protected":false},"author":1,"featured_media":0,"parent":0,"menu_order":0,"comment_status":"closed","ping_status":"closed","template":"","meta":{"_et_pb_use_builder":"on","_et_pb_old_content":"<!-- wp:divi\/placeholder \/-->","_et_gb_content_width":"","footnotes":""},"class_list":["post-36","page","type-page","status-publish","hentry"],"_links":{"self":[{"href":"https:\/\/test.kothemotors.com\/index.php\/wp-json\/wp\/v2\/pages\/36"}],"collection":[{"href":"https:\/\/test.kothemotors.com\/index.php\/wp-json\/wp\/v2\/pages"}],"about":[{"href":"https:\/\/test.kothemotors.com\/index.php\/wp-json\/wp\/v2\/types\/page"}],"author":[{"embeddable":true,"href":"https:\/\/test.kothemotors.com\/index.php\/wp-json\/wp\/v2\/users\/1"}],"replies":[{"embeddable":true,"href":"https:\/\/test.kothemotors.com\/index.php\/wp-json\/wp\/v2\/comments?post=36"}],"version-history":[{"count":4,"href":"https:\/\/test.kothemotors.com\/index.php\/wp-json\/wp\/v2\/pages\/36\/revisions"}],"predecessor-version":[{"id":166,"href":"https:\/\/test.kothemotors.com\/index.php\/wp-json\/wp\/v2\/pages\/36\/revisions\/166"}],"wp:attachment":[{"href":"https:\/\/test.kothemotors.com\/index.php\/wp-json\/wp\/v2\/media?parent=36"}],"curies":[{"name":"wp","href":"https:\/\/api.w.org\/{rel}","templated":true}]}}