{"id":34,"date":"2024-08-20T07:13:29","date_gmt":"2024-08-20T07:13:29","guid":{"rendered":"https:\/\/test.kothemotors.com\/?page_id=34"},"modified":"2024-08-26T14:07:57","modified_gmt":"2024-08-26T14:07:57","slug":"erlebnis-rennstrecke","status":"publish","type":"page","link":"https:\/\/test.kothemotors.com\/index.php\/erlebnis-rennstrecke\/","title":{"rendered":"Erlebnis Rennstrecke"},"content":{"rendered":"<p>[et_pb_section fb_built=&#8220;1&#8243; _builder_version=&#8220;4.27.0&#8243; _module_preset=&#8220;default&#8220; background_color=&#8220;#f2f2f2&#8243; hover_enabled=&#8220;0&#8243; global_colors_info=&#8220;{}&#8220; theme_builder_area=&#8220;post_content&#8220; custom_margin=&#8220;120px||||false|false&#8220; sticky_enabled=&#8220;0&#8243;][et_pb_row column_structure=&#8220;2_5,3_5&#8243; use_custom_gutter=&#8220;on&#8220; gutter_width=&#8220;1&#8243; _builder_version=&#8220;4.27.0&#8243; _module_preset=&#8220;default&#8220; width=&#8220;100%&#8220; max_width=&#8220;100%&#8220; global_colors_info=&#8220;{}&#8220; theme_builder_area=&#8220;post_content&#8220;][et_pb_column type=&#8220;2_5&#8243; _builder_version=&#8220;4.27.0&#8243; _module_preset=&#8220;default&#8220; background_color=&#8220;RGBA(255,255,255,0)&#8220; custom_padding=&#8220;||||false|false&#8220; global_colors_info=&#8220;{}&#8220; theme_builder_area=&#8220;post_content&#8220;][et_pb_image src=&#8220;https:\/\/test.kothemotors.com\/wp-content\/uploads\/2024\/08\/sport-car-fast-moving-track-luxury-race-sunny-day-31187076.jpg&#8220; title_text=&#8220;sport-car-fast-moving-track-luxury-race-sunny-day-31187076&#8243; _builder_version=&#8220;4.27.0&#8243; _module_preset=&#8220;default&#8220; custom_padding=&#8220;40px||||false|false&#8220; hover_enabled=&#8220;0&#8243; global_colors_info=&#8220;{}&#8220; theme_builder_area=&#8220;post_content&#8220; sticky_enabled=&#8220;0&#8243;][\/et_pb_image][\/et_pb_column][et_pb_column type=&#8220;3_5&#8243; _builder_version=&#8220;4.27.0&#8243; _module_preset=&#8220;default&#8220; background_color=&#8220;#000000&#8243; global_colors_info=&#8220;{}&#8220; theme_builder_area=&#8220;post_content&#8220;][et_pb_text ul_type=&#8220;square&#8220; _builder_version=&#8220;4.27.0&#8243; _module_preset=&#8220;default&#8220; ul_text_color=&#8220;#FFFFFF&#8220; ul_font_size=&#8220;18px&#8220; ul_line_height=&#8220;2.2em&#8220; header_font=&#8220;Open Sans|800|||||||&#8220; header_text_color=&#8220;#FFFFFF&#8220; header_font_size=&#8220;34px&#8220; header_line_height=&#8220;1.8em&#8220; header_2_font=&#8220;Open Sans||||||||&#8220; header_2_text_color=&#8220;#FFFFFF&#8220; header_3_text_align=&#8220;left&#8220; header_3_text_color=&#8220;#E02B20&#8243; header_3_font_size=&#8220;20px&#8220; module_alignment=&#8220;left&#8220; custom_margin=&#8220;60px||||false|false&#8220; custom_padding=&#8220;||80px|60px|false|false&#8220; animation_style=&#8220;slide&#8220; animation_duration=&#8220;1550ms&#8220; hover_enabled=&#8220;0&#8243; global_colors_info=&#8220;{}&#8220; theme_builder_area=&#8220;post_content&#8220; sticky_enabled=&#8220;0&#8243;]<\/p>\n<h3 style=\"text-align: left;\">kothe motors<\/h3>\n<h1>Ein einmaliges Erlebnis f\u00fcr alle Motorsport-Begeisterten und Adrenalin-Junkies da drau\u00dfen<\/h1>\n<p>Wolltest du schon immer mal mit einem Sportwagen \u00fcber eine Rennstrecke d\u00fcsen oder dieses Erlebnis als Beifahrer genie\u00dfen? F\u00fcr viele ist dieser Adrenalinkick ein wahrer Traum. Und bei uns kannst du diesen mit einer rasanten Fahrt in einem unserer Luxussportwagen erf\u00fcllen.<\/p>\n<p>Egal ob du selbst hinter dem Lenkrad eines Ferraris, Lamborghinis oder Porsches sitzen m\u00f6chtest oder in einem Renntaxis als Beifahrer mitf\u00e4hrst, bei uns hast du die Chance das Gef\u00fchl eines Supersportwagens live zu erleben.<\/p>\n<p>Buche dir jetzt hier dein Rennstrecken-Erlebnis. Unsere Events sind auch eine tolle Geschenkidee.<\/p>\n<p>[\/et_pb_text][\/et_pb_column][\/et_pb_row][\/et_pb_section]<\/p>\n","protected":false},"excerpt":{"rendered":"<p>kothe motors Ein einmaliges Erlebnis f\u00fcr alle Motorsport-Begeisterten und Adrenalin-Junkies da drau\u00dfen Wolltest du schon immer mal mit einem Sportwagen \u00fcber eine Rennstrecke d\u00fcsen oder dieses Erlebnis als Beifahrer genie\u00dfen? F\u00fcr viele ist dieser Adrenalinkick ein wahrer Traum. Und bei uns kannst du diesen mit einer rasanten Fahrt in einem unserer Luxussportwagen erf\u00fcllen. Egal ob [&hellip;]<\/p>\n","protected":false},"author":1,"featured_media":0,"parent":0,"menu_order":0,"comment_status":"closed","ping_status":"closed","template":"","meta":{"_et_pb_use_builder":"on","_et_pb_old_content":"<!-- wp:divi\/placeholder \/-->","_et_gb_content_width":"","footnotes":""},"class_list":["post-34","page","type-page","status-publish","hentry"],"_links":{"self":[{"href":"https:\/\/test.kothemotors.com\/index.php\/wp-json\/wp\/v2\/pages\/34"}],"collection":[{"href":"https:\/\/test.kothemotors.com\/index.php\/wp-json\/wp\/v2\/pages"}],"about":[{"href":"https:\/\/test.kothemotors.com\/index.php\/wp-json\/wp\/v2\/types\/page"}],"author":[{"embeddable":true,"href":"https:\/\/test.kothemotors.com\/index.php\/wp-json\/wp\/v2\/users\/1"}],"replies":[{"embeddable":true,"href":"https:\/\/test.kothemotors.com\/index.php\/wp-json\/wp\/v2\/comments?post=34"}],"version-history":[{"count":4,"href":"https:\/\/test.kothemotors.com\/index.php\/wp-json\/wp\/v2\/pages\/34\/revisions"}],"predecessor-version":[{"id":163,"href":"https:\/\/test.kothemotors.com\/index.php\/wp-json\/wp\/v2\/pages\/34\/revisions\/163"}],"wp:attachment":[{"href":"https:\/\/test.kothemotors.com\/index.php\/wp-json\/wp\/v2\/media?parent=34"}],"curies":[{"name":"wp","href":"https:\/\/api.w.org\/{rel}","templated":true}]}}